{"id":408,"date":"2025-09-22T11:34:41","date_gmt":"2025-09-22T11:34:41","guid":{"rendered":"https:\/\/resern.com\/?page_id=408"},"modified":"2025-09-22T11:35:17","modified_gmt":"2025-09-22T11:35:17","slug":"terms","status":"publish","type":"page","link":"https:\/\/resern.com\/en\/terms\/","title":{"rendered":"Terms &amp; Condition"},"content":{"rendered":"<div data-elementor-type=\"wp-page\" data-elementor-id=\"408\" class=\"elementor elementor-408\" data-elementor-post-type=\"page\">\n\t\t\t\t<div class=\"elementor-element elementor-element-679cf9a e-flex e-con-boxed e-con e-parent\" data-id=\"679cf9a\" data-element_type=\"container\" data-e-type=\"container\">\n\t\t\t\t\t<div class=\"e-con-inner\">\n\t\t\t\t<div class=\"elementor-element elementor-element-35a7b04 elementor-widget elementor-widget-heading\" data-id=\"35a7b04\" data-element_type=\"widget\" data-e-type=\"widget\" data-widget_type=\"heading.default\">\n\t\t\t\t<div class=\"elementor-widget-container\">\n\t\t\t\t\t<h1 class=\"elementor-heading-title elementor-size-default\">Terms &amp; Condition<\/h1>\t\t\t\t<\/div>\n\t\t\t\t<\/div>\n\t\t\t\t\t<\/div>\n\t\t\t\t<\/div>\n\t\t<div class=\"elementor-element elementor-element-910017c e-flex e-con-boxed e-con e-parent\" data-id=\"910017c\" data-element_type=\"container\" data-e-type=\"container\">\n\t\t\t\t\t<div class=\"e-con-inner\">\n\t\t\t\t<div class=\"elementor-element elementor-element-1c168ef elementor-widget elementor-widget-heading\" data-id=\"1c168ef\" data-element_type=\"widget\" data-e-type=\"widget\" data-widget_type=\"heading.default\">\n\t\t\t\t<div class=\"elementor-widget-container\">\n\t\t\t\t\t<h2 class=\"elementor-heading-title elementor-size-default\">1. Informa\u021bii generale<\/h2>\t\t\t\t<\/div>\n\t\t\t\t<\/div>\n\t\t\t\t<div class=\"elementor-element elementor-element-4a875f3 elementor-widget elementor-widget-text-editor\" data-id=\"4a875f3\" data-element_type=\"widget\" data-e-type=\"widget\" data-widget_type=\"text-editor.default\">\n\t\t\t\t<div class=\"elementor-widget-container\">\n\t\t\t\t\t\t\t\t\t<p data-start=\"564\" data-end=\"861\">Platforma <strong data-start=\"574\" data-end=\"584\">Resern<\/strong> este operat\u0103 de compania <strong data-start=\"610\" data-end=\"630\">RESERN MEDIA SRL<\/strong>, cu sediul social \u00een Bucure\u0219ti, Sectorul 1, Pia\u021ba Amzei 10-22, Sc. E, Et. 1, Ap. 9, \u00eenregistrat\u0103 la Registrul Comer\u021bului sub nr. <strong data-start=\"760\" data-end=\"778\">J2025040316007<\/strong>, av\u00e2nd <strong data-start=\"786\" data-end=\"802\">CUI 51923060<\/strong>, denumit\u0103 \u00een continuare <strong data-start=\"827\" data-end=\"841\">\u201eCompania\u201d<\/strong> sau <strong data-start=\"846\" data-end=\"858\">\u201eResern\u201d<\/strong>.<\/p>\n<p data-start=\"863\" data-end=\"881\">Date de contact:<\/p>\n<ul data-start=\"882\" data-end=\"1007\">\n<li data-start=\"882\" data-end=\"915\">\n<p data-start=\"884\" data-end=\"915\">Email: <strong data-start=\"891\" data-end=\"913\"><a class=\"decorated-link cursor-pointer\" rel=\"noopener\" data-start=\"893\" data-end=\"911\">contact@resern.app<\/a><\/strong><\/p>\n<\/li>\n<li data-start=\"916\" data-end=\"1007\">\n<p data-start=\"918\" data-end=\"1007\">Domenii oficiale: <strong data-start=\"936\" data-end=\"950\">resern.app<\/strong> (platforma) \u0219i <strong data-start=\"966\" data-end=\"980\">resern.com<\/strong> (site-ul de prezentare).<\/p>\n<\/li>\n<\/ul>\n<p data-start=\"1009\" data-end=\"1269\">Prezentul document stabile\u0219te termenii \u0219i condi\u021biile \u00een care orice persoan\u0103 poate accesa \u0219i utiliza platforma <strong data-start=\"1119\" data-end=\"1129\">Resern<\/strong>. Prin crearea unui cont sau prin utilizarea serviciilor, utilizatorul declar\u0103 c\u0103 a citit, \u00een\u021beles \u0219i acceptat ace\u0219ti Termeni \u0219i Condi\u021bii.<\/p>\t\t\t\t\t\t\t\t<\/div>\n\t\t\t\t<\/div>\n\t\t\t\t<div class=\"elementor-element elementor-element-5ff77bb elementor-widget elementor-widget-heading\" data-id=\"5ff77bb\" data-element_type=\"widget\" data-e-type=\"widget\" data-widget_type=\"heading.default\">\n\t\t\t\t<div class=\"elementor-widget-container\">\n\t\t\t\t\t<h2 class=\"elementor-heading-title elementor-size-default\">2. Descrierea serviciilor<\/h2>\t\t\t\t<\/div>\n\t\t\t\t<\/div>\n\t\t\t\t<div class=\"elementor-element elementor-element-7820fce elementor-widget elementor-widget-text-editor\" data-id=\"7820fce\" data-element_type=\"widget\" data-e-type=\"widget\" data-widget_type=\"text-editor.default\">\n\t\t\t\t<div class=\"elementor-widget-container\">\n\t\t\t\t\t\t\t\t\t<p data-start=\"1307\" data-end=\"1487\">Resern este o platform\u0103 digital\u0103 de tip <strong data-start=\"1347\" data-end=\"1380\">growth &amp; content intelligence<\/strong>, care ofer\u0103 utilizatorilor instrumente de analiz\u0103 \u0219i generare de con\u021binut video pentru re\u021belele sociale.<\/p><p data-start=\"1489\" data-end=\"1516\">Func\u021bionalit\u0103\u021bile includ:<\/p><ul data-start=\"1517\" data-end=\"1874\"><li data-start=\"1517\" data-end=\"1614\"><p data-start=\"1519\" data-end=\"1614\">analiza clipurilor din TikTok prin introducerea linkurilor directe sau prin c\u0103ut\u0103ri avansate;<\/p><\/li><li data-start=\"1615\" data-end=\"1749\"><p data-start=\"1617\" data-end=\"1749\">generarea de rapoarte cu <strong data-start=\"1642\" data-end=\"1746\">scor de hook, transcript, explica\u021bii privind performan\u021ba con\u021binutului \u0219i recomand\u0103ri de \u00eembun\u0103t\u0103\u021bire<\/strong>;<\/p><\/li><li data-start=\"1750\" data-end=\"1874\"><p data-start=\"1752\" data-end=\"1874\">generarea de <strong data-start=\"1765\" data-end=\"1798\">idei \u0219i scripturi de con\u021binut<\/strong>, adaptate pe baza datelor despre utilizator \u0219i despre ni\u0219a de activitate.<\/p><\/li><\/ul><p data-start=\"1876\" data-end=\"1974\">Platforma ofer\u0103 trei tipuri de abonamente cu plat\u0103 lunar\u0103: <strong data-start=\"1935\" data-end=\"1944\">Basic<\/strong>, <strong data-start=\"1946\" data-end=\"1953\">Pro<\/strong> \u0219i <strong data-start=\"1957\" data-end=\"1971\">Enterprise<\/strong>.<\/p><p data-start=\"1976\" data-end=\"2146\">Resern nu garanteaz\u0103 succesul con\u021binutului utilizatorilor \u0219i nu este responsabil pentru rezultatele ob\u021binute \u00een absen\u021ba unei strategii de marketing complete \u0219i corecte.<\/p>\t\t\t\t\t\t\t\t<\/div>\n\t\t\t\t<\/div>\n\t\t\t\t<div class=\"elementor-element elementor-element-e956646 elementor-widget elementor-widget-heading\" data-id=\"e956646\" data-element_type=\"widget\" data-e-type=\"widget\" data-widget_type=\"heading.default\">\n\t\t\t\t<div class=\"elementor-widget-container\">\n\t\t\t\t\t<h2 class=\"elementor-heading-title elementor-size-default\">3. Crearea contului<\/h2>\t\t\t\t<\/div>\n\t\t\t\t<\/div>\n\t\t\t\t<div class=\"elementor-element elementor-element-3c9a4b1 elementor-widget elementor-widget-text-editor\" data-id=\"3c9a4b1\" data-element_type=\"widget\" data-e-type=\"widget\" data-widget_type=\"text-editor.default\">\n\t\t\t\t<div class=\"elementor-widget-container\">\n\t\t\t\t\t\t\t\t\t<ul data-start=\"2178\" data-end=\"2920\"><li data-start=\"2178\" data-end=\"2343\"><p data-start=\"2180\" data-end=\"2343\">Pot utiliza serviciile doar persoanele care au capacitate de exerci\u021biu conform legii \u0219i care furnizeaz\u0103 date reale, exacte \u0219i complete (inclusiv un email valid).<\/p><\/li><li data-start=\"2344\" data-end=\"2492\"><p data-start=\"2346\" data-end=\"2492\">Utilizatorii sunt responsabili pentru p\u0103strarea confiden\u021bialit\u0103\u021bii datelor de autentificare \u0219i pentru toate ac\u021biunile efectuate prin contul lor.<\/p><\/li><li data-start=\"2493\" data-end=\"2920\"><p data-start=\"2495\" data-end=\"2565\">Resern \u00ee\u0219i rezerv\u0103 dreptul de a suspenda sau \u00eenchide conturile care:<\/p><ul data-start=\"2568\" data-end=\"2920\"><li data-start=\"2568\" data-end=\"2615\"><p data-start=\"2570\" data-end=\"2615\">folosesc date false sau identit\u0103\u021bi fictive;<\/p><\/li><li data-start=\"2618\" data-end=\"2694\"><p data-start=\"2620\" data-end=\"2694\">genereaz\u0103 activit\u0103\u021bi de tip spam sau comportamente automatizate abuzive;<\/p><\/li><li data-start=\"2697\" data-end=\"2784\"><p data-start=\"2699\" data-end=\"2784\">utilizeaz\u0103 platforma \u00een scopuri ilicite, frauduloase sau contrare bunelor practici;<\/p><\/li><li data-start=\"2787\" data-end=\"2920\"><p data-start=\"2789\" data-end=\"2920\">\u00eencearc\u0103 s\u0103 manipuleze sistemele tehnice ale Resern (inclusiv scraping neautorizat, exploatarea de bug-uri, reverse engineering).<\/p><\/li><\/ul><\/li><\/ul>\t\t\t\t\t\t\t\t<\/div>\n\t\t\t\t<\/div>\n\t\t\t\t<div class=\"elementor-element elementor-element-4ff5220 elementor-widget elementor-widget-heading\" data-id=\"4ff5220\" data-element_type=\"widget\" data-e-type=\"widget\" data-widget_type=\"heading.default\">\n\t\t\t\t<div class=\"elementor-widget-container\">\n\t\t\t\t\t<h2 class=\"elementor-heading-title elementor-size-default\">4. Pl\u0103\u021bi \u0219i facturare<\/h2>\t\t\t\t<\/div>\n\t\t\t\t<\/div>\n\t\t\t\t<div class=\"elementor-element elementor-element-1f86453 elementor-widget elementor-widget-text-editor\" data-id=\"1f86453\" data-element_type=\"widget\" data-e-type=\"widget\" data-widget_type=\"text-editor.default\">\n\t\t\t\t<div class=\"elementor-widget-container\">\n\t\t\t\t\t\t\t\t\t<ul data-start=\"2954\" data-end=\"3257\"><li data-start=\"2954\" data-end=\"3084\"><p data-start=\"2956\" data-end=\"3084\">Pentru abonamentele <strong data-start=\"2976\" data-end=\"2985\">Basic<\/strong> \u0219i <strong data-start=\"2989\" data-end=\"2996\">Pro<\/strong>, plata se face prin card bancar, prin intermediul procesatorului de pl\u0103\u021bi <strong data-start=\"3071\" data-end=\"3081\">Stripe<\/strong>.<\/p><\/li><li data-start=\"3085\" data-end=\"3257\"><p data-start=\"3087\" data-end=\"3257\">Pentru abonamentele <strong data-start=\"3107\" data-end=\"3121\">Enterprise<\/strong>, plata se face pe baz\u0103 de factur\u0103 emis\u0103 de Companie, cu termen de plat\u0103 stabilit de comun acord, prin ordin de plat\u0103\/transfer bancar.<\/p><\/li><\/ul><p data-start=\"3259\" data-end=\"3285\"><strong>Re\u00eennoire \u0219i anulare<\/strong><\/p><ul data-start=\"3286\" data-end=\"3575\"><li data-start=\"3286\" data-end=\"3396\"><p data-start=\"3288\" data-end=\"3396\">Abonamentele sunt recurente \u0219i se re\u00eennoiesc automat lunar, p\u00e2n\u0103 la anularea acestora de c\u0103tre utilizator.<\/p><\/li><li data-start=\"3397\" data-end=\"3521\"><p data-start=\"3399\" data-end=\"3521\">Utilizatorii pot anula abonamentul din aplica\u021bie (<strong data-start=\"3449\" data-end=\"3463\">resern.app<\/strong>) sau prin solicitare trimis\u0103 la <strong data-start=\"3496\" data-end=\"3518\"><a class=\"decorated-link cursor-pointer\" rel=\"noopener\" data-start=\"3498\" data-end=\"3516\">contact@resern.app<\/a><\/strong>.<\/p><\/li><li data-start=\"3522\" data-end=\"3575\"><p data-start=\"3524\" data-end=\"3575\">Odat\u0103 efectuat\u0103 plata, suma nu este rambursabil\u0103.<\/p><\/li><\/ul>\t\t\t\t\t\t\t\t<\/div>\n\t\t\t\t<\/div>\n\t\t\t\t<div class=\"elementor-element elementor-element-7c746b8 elementor-widget elementor-widget-heading\" data-id=\"7c746b8\" data-element_type=\"widget\" data-e-type=\"widget\" data-widget_type=\"heading.default\">\n\t\t\t\t<div class=\"elementor-widget-container\">\n\t\t\t\t\t<h2 class=\"elementor-heading-title elementor-size-default\">5. Drepturi de autor \u0219i utilizarea con\u021binutului<\/h2>\t\t\t\t<\/div>\n\t\t\t\t<\/div>\n\t\t\t\t<div class=\"elementor-element elementor-element-ffbd88d elementor-widget elementor-widget-text-editor\" data-id=\"ffbd88d\" data-element_type=\"widget\" data-e-type=\"widget\" data-widget_type=\"text-editor.default\">\n\t\t\t\t<div class=\"elementor-widget-container\">\n\t\t\t\t\t\t\t\t\t<ul><li data-start=\"3635\" data-end=\"3778\"><p data-start=\"3637\" data-end=\"3778\">Toate drepturile asupra platformei <strong data-start=\"3672\" data-end=\"3682\">Resern<\/strong> (cod surs\u0103, design, logo, func\u021bionalit\u0103\u021bi, baze de date, brand) apar\u021bin <strong data-start=\"3755\" data-end=\"3775\">RESERN MEDIA SRL<\/strong>.<\/p><\/li><li data-start=\"3779\" data-end=\"3916\"><p data-start=\"3781\" data-end=\"3916\">Utilizatorii au dreptul de a folosi analizele \u0219i materialele generate exclusiv pentru activitatea proprie de marketing \u0219i comunicare.<\/p><\/li><li data-start=\"3917\" data-end=\"4289\"><p data-start=\"3919\" data-end=\"3936\">Este interzis\u0103:<\/p><ul data-start=\"3939\" data-end=\"4289\"><li data-start=\"3939\" data-end=\"4037\"><p data-start=\"3941\" data-end=\"4037\">reproducerea, distribuirea sau comercializarea neautorizat\u0103 a rezultatelor generate de Resern;<\/p><\/li><li data-start=\"4040\" data-end=\"4108\"><p data-start=\"4042\" data-end=\"4108\">folosirea platformei \u00een scopul cre\u0103rii unor servicii concurente;<\/p><\/li><li data-start=\"4111\" data-end=\"4195\"><p data-start=\"4113\" data-end=\"4195\">modificarea sau exploatarea neautorizat\u0103 a componentelor tehnice ale aplica\u021biei;<\/p><\/li><li data-start=\"4198\" data-end=\"4289\"><p data-start=\"4200\" data-end=\"4289\">transmiterea con\u021binutului generat c\u0103tre ter\u021bi \u00een scop comercial f\u0103r\u0103 acordul Companiei.<\/p><\/li><\/ul><\/li><\/ul>\t\t\t\t\t\t\t\t<\/div>\n\t\t\t\t<\/div>\n\t\t\t\t<div class=\"elementor-element elementor-element-e3bb93e elementor-widget elementor-widget-heading\" data-id=\"e3bb93e\" data-element_type=\"widget\" data-e-type=\"widget\" data-widget_type=\"heading.default\">\n\t\t\t\t<div class=\"elementor-widget-container\">\n\t\t\t\t\t<h2 class=\"elementor-heading-title elementor-size-default\">6. Limit\u0103ri \u0219i r\u0103spundere<\/h2>\t\t\t\t<\/div>\n\t\t\t\t<\/div>\n\t\t\t\t<div class=\"elementor-element elementor-element-429307a elementor-widget elementor-widget-text-editor\" data-id=\"429307a\" data-element_type=\"widget\" data-e-type=\"widget\" data-widget_type=\"text-editor.default\">\n\t\t\t\t<div class=\"elementor-widget-container\">\n\t\t\t\t\t\t\t\t\t<ul><li data-start=\"4327\" data-end=\"4507\"><p data-start=\"4329\" data-end=\"4507\">Serviciile Resern sunt furnizate \u201eca atare\u201d, f\u0103r\u0103 garan\u021bii explicite sau implicite privind performan\u021ba absolut\u0103, disponibilitatea permanent\u0103 sau rezultatele ob\u021binute.<\/p><\/li><li data-start=\"4508\" data-end=\"4788\"><p data-start=\"4510\" data-end=\"4540\">Compania nu r\u0103spunde pentru:<\/p><ul data-start=\"4543\" data-end=\"4788\"><li data-start=\"4543\" data-end=\"4635\"><p data-start=\"4545\" data-end=\"4635\">pierderi financiare rezultate din deciziile utilizatorilor bazate pe analizele generate;<\/p><\/li><li data-start=\"4638\" data-end=\"4704\"><p data-start=\"4640\" data-end=\"4704\">erori, \u00eentreruperi, \u00eent\u00e2rzieri sau disfunc\u021bionalit\u0103\u021bi tehnice;<\/p><\/li><li data-start=\"4707\" data-end=\"4788\"><p data-start=\"4709\" data-end=\"4788\">con\u021binutul publicat de utilizatori pe re\u021belele sociale, indiferent de impact.<\/p><\/li><\/ul><\/li><li data-start=\"4789\" data-end=\"4923\"><p data-start=\"4791\" data-end=\"4923\">\u00cen caz de for\u021b\u0103 major\u0103 (ex. atacuri cibernetice, pene de curent, evenimente externe), Compania este exonerat\u0103 de orice r\u0103spundere.<\/p><\/li><\/ul>\t\t\t\t\t\t\t\t<\/div>\n\t\t\t\t<\/div>\n\t\t\t\t<div class=\"elementor-element elementor-element-6dc126c elementor-widget elementor-widget-heading\" data-id=\"6dc126c\" data-element_type=\"widget\" data-e-type=\"widget\" data-widget_type=\"heading.default\">\n\t\t\t\t<div class=\"elementor-widget-container\">\n\t\t\t\t\t<h2 class=\"elementor-heading-title elementor-size-default\">7. Date personale \u0219i confiden\u021bialitate<\/h2>\t\t\t\t<\/div>\n\t\t\t\t<\/div>\n\t\t\t\t<div class=\"elementor-element elementor-element-7a29c50 elementor-widget elementor-widget-text-editor\" data-id=\"7a29c50\" data-element_type=\"widget\" data-e-type=\"widget\" data-widget_type=\"text-editor.default\">\n\t\t\t\t<div class=\"elementor-widget-container\">\n\t\t\t\t\t\t\t\t\t<p data-start=\"4974\" data-end=\"5105\">Resern colecteaz\u0103 doar datele strict necesare pentru func\u021bionarea platformei (ex. nume, adres\u0103 email, date de plat\u0103 prin Stripe).<\/p><p data-start=\"5107\" data-end=\"5259\">Datele sunt stocate \u0219i protejate prin infrastructura <strong data-start=\"5160\" data-end=\"5172\">Supabase<\/strong> \u0219i <strong data-start=\"5176\" data-end=\"5189\">Hostinger<\/strong>. Politica detaliat\u0103 de confiden\u021bialitate va fi disponibil\u0103 separat.<\/p>\t\t\t\t\t\t\t\t<\/div>\n\t\t\t\t<\/div>\n\t\t\t\t<div class=\"elementor-element elementor-element-7d9818c elementor-widget elementor-widget-heading\" data-id=\"7d9818c\" data-element_type=\"widget\" data-e-type=\"widget\" data-widget_type=\"heading.default\">\n\t\t\t\t<div class=\"elementor-widget-container\">\n\t\t\t\t\t<h2 class=\"elementor-heading-title elementor-size-default\">8. Legea aplicabil\u0103 \u0219i solu\u021bionarea disputelor<\/h2>\t\t\t\t<\/div>\n\t\t\t\t<\/div>\n\t\t\t\t<div class=\"elementor-element elementor-element-5dcbb28 elementor-widget elementor-widget-text-editor\" data-id=\"5dcbb28\" data-element_type=\"widget\" data-e-type=\"widget\" data-widget_type=\"text-editor.default\">\n\t\t\t\t<div class=\"elementor-widget-container\">\n\t\t\t\t\t\t\t\t\t<ul data-start=\"5318\" data-end=\"5579\"><li data-start=\"5318\" data-end=\"5401\"><p data-start=\"5320\" data-end=\"5401\">Ace\u0219ti Termeni \u0219i Condi\u021bii sunt guverna\u021bi de legisla\u021bia \u00een vigoare din Rom\u00e2nia.<\/p><\/li><li data-start=\"5402\" data-end=\"5579\"><p data-start=\"5404\" data-end=\"5579\">Orice disput\u0103 va fi solu\u021bionat\u0103 pe cale amiabil\u0103. \u00cen cazul \u00een care acest lucru nu este posibil, litigiile vor fi solu\u021bionate de instan\u021bele competente din Bucure\u0219ti, Rom\u00e2nia.<\/p><\/li><\/ul>\t\t\t\t\t\t\t\t<\/div>\n\t\t\t\t<\/div>\n\t\t\t\t<div class=\"elementor-element elementor-element-feb9a98 elementor-widget elementor-widget-heading\" data-id=\"feb9a98\" data-element_type=\"widget\" data-e-type=\"widget\" data-widget_type=\"heading.default\">\n\t\t\t\t<div class=\"elementor-widget-container\">\n\t\t\t\t\t<h2 class=\"elementor-heading-title elementor-size-default\">9. Modific\u0103ri ale termenilor<\/h2>\t\t\t\t<\/div>\n\t\t\t\t<\/div>\n\t\t\t\t<div class=\"elementor-element elementor-element-7a33c07 elementor-widget elementor-widget-text-editor\" data-id=\"7a33c07\" data-element_type=\"widget\" data-e-type=\"widget\" data-widget_type=\"text-editor.default\">\n\t\t\t\t<div class=\"elementor-widget-container\">\n\t\t\t\t\t\t\t\t\t<p data-start=\"5320\" data-end=\"5401\">Compania \u00ee\u0219i rezerv\u0103 dreptul de a modifica prezentul document oric\u00e2nd. Utilizatorii vor fi notifica\u021bi prin email cu privire la modific\u0103rile semnificative. Continuarea utiliz\u0103rii platformei dup\u0103 intrarea \u00een vigoare a modific\u0103rilor reprezint\u0103 acceptarea acestora.<\/p>\t\t\t\t\t\t\t\t<\/div>\n\t\t\t\t<\/div>\n\t\t\t\t<div class=\"elementor-element elementor-element-1bfa5cd elementor-widget elementor-widget-heading\" data-id=\"1bfa5cd\" data-element_type=\"widget\" data-e-type=\"widget\" data-widget_type=\"heading.default\">\n\t\t\t\t<div class=\"elementor-widget-container\">\n\t\t\t\t\t<h2 class=\"elementor-heading-title elementor-size-default\">10. Contact<\/h2>\t\t\t\t<\/div>\n\t\t\t\t<\/div>\n\t\t\t\t<div class=\"elementor-element elementor-element-6b82b35 elementor-widget elementor-widget-text-editor\" data-id=\"6b82b35\" data-element_type=\"widget\" data-e-type=\"widget\" data-widget_type=\"text-editor.default\">\n\t\t\t\t<div class=\"elementor-widget-container\">\n\t\t\t\t\t\t\t\t\t<p data-start=\"5907\" data-end=\"6002\">Pentru \u00eentreb\u0103ri legate de ace\u0219ti Termeni \u0219i Condi\u021bii, utilizatorii pot contacta Compania la: email: <strong data-start=\"6012\" data-end=\"6034\"><a class=\"decorated-link cursor-pointer\" rel=\"noopener\" data-start=\"6014\" data-end=\"6032\">contact@resern.app<\/a><\/strong><\/p>\t\t\t\t\t\t\t\t<\/div>\n\t\t\t\t<\/div>\n\t\t\t\t\t<\/div>\n\t\t\t\t<\/div>\n\t\t\t\t<\/div>","protected":false},"excerpt":{"rendered":"<p>Termeni \u0219i condi\u021bii 1. Informa\u021bii generale Platforma Resern este operat\u0103 de compania RESERN MEDIA SRL, cu sediul social \u00een Bucure\u0219ti, Sectorul 1, Pia\u021ba Amzei 10-22, Sc. E, Et. 1, Ap. 9, \u00eenregistrat\u0103 la Registrul Comer\u021bului sub nr. J2025040316007, av\u00e2nd CUI 51923060, denumit\u0103 \u00een continuare \u201eCompania\u201d sau \u201eResern\u201d. Date de contact: Email: contact@resern.app Domenii oficiale: resern.app [&hellip;]<\/p>\n","protected":false},"author":2,"featured_media":0,"parent":0,"menu_order":0,"comment_status":"closed","ping_status":"closed","template":"elementor_header_footer","meta":{"footnotes":""},"class_list":["post-408","page","type-page","status-publish","hentry"],"_links":{"self":[{"href":"https:\/\/resern.com\/en\/wp-json\/wp\/v2\/pages\/408","targetHints":{"allow":["GET"]}}],"collection":[{"href":"https:\/\/resern.com\/en\/wp-json\/wp\/v2\/pages"}],"about":[{"href":"https:\/\/resern.com\/en\/wp-json\/wp\/v2\/types\/page"}],"author":[{"embeddable":true,"href":"https:\/\/resern.com\/en\/wp-json\/wp\/v2\/users\/2"}],"replies":[{"embeddable":true,"href":"https:\/\/resern.com\/en\/wp-json\/wp\/v2\/comments?post=408"}],"version-history":[{"count":8,"href":"https:\/\/resern.com\/en\/wp-json\/wp\/v2\/pages\/408\/revisions"}],"predecessor-version":[{"id":416,"href":"https:\/\/resern.com\/en\/wp-json\/wp\/v2\/pages\/408\/revisions\/416"}],"wp:attachment":[{"href":"https:\/\/resern.com\/en\/wp-json\/wp\/v2\/media?parent=408"}],"curies":[{"name":"wp","href":"https:\/\/api.w.org\/{rel}","templated":true}]}}